{"id":48,"date":"2022-01-21T18:08:28","date_gmt":"2022-01-21T16:08:28","guid":{"rendered":"https:\/\/by-steel.cat\/?page_id=48"},"modified":"2022-03-30T15:34:31","modified_gmt":"2022-03-30T13:34:31","slug":"48-2","status":"publish","type":"page","link":"https:\/\/by-steel.es\/ca\/48-2\/","title":{"rendered":"Hist\u00f2ria del Steel Framing"},"content":{"rendered":"<p>[et_pb_section fb_built=&#8221;1&#8243; admin_label=&#8221;Hero&#8221; _builder_version=&#8221;4.14.4&#8243; use_background_color_gradient=&#8221;on&#8221; background_color_gradient_start=&#8221;rgba(40,40,40,0.79)&#8221; background_color_gradient_end=&#8221;rgba(40,40,40,0.86)&#8221; background_color_gradient_type=&#8221;radial&#8221; background_color_gradient_direction_radial=&#8221;top left&#8221; background_color_gradient_overlays_image=&#8221;on&#8221; background_image=&#8221;https:\/\/by-steel.es\/wp-content\/uploads\/2022\/01\/BySteel-Historia-del-Steel-Framing.jpg&#8221; custom_margin=&#8221;||||false&#8221; custom_padding=&#8221;10vw||10vw||true|false&#8221; global_colors_info=&#8221;{}&#8221;][et_pb_row column_structure=&#8221;2_3,1_3&#8243; _builder_version=&#8221;3.25&#8243; global_colors_info=&#8221;{}&#8221;][et_pb_column type=&#8221;2_3&#8243; _builder_version=&#8221;3.25&#8243; custom_padding=&#8221;|||&#8221; global_colors_info=&#8221;{}&#8221; custom_padding__hover=&#8221;|||&#8221;][et_pb_text _builder_version=&#8221;4.14.4&#8243; text_font=&#8221;||||||||&#8221; header_font=&#8221;Rubik|700|||||||&#8221; header_font_size=&#8221;64px&#8221; header_line_height=&#8221;1.1em&#8221; background_layout=&#8221;dark&#8221; max_width=&#8221;800px&#8221; custom_margin=&#8221;||0px|&#8221; custom_padding=&#8221;|||16px&#8221; text_font_size_tablet=&#8221;14px&#8221; text_font_size_last_edited=&#8221;off|desktop&#8221; header_font_size_tablet=&#8221;44px&#8221; header_font_size_phone=&#8221;32px&#8221; header_font_size_last_edited=&#8221;on|phone&#8221; border_color_all=&#8221;#CFCFD4&#8243; border_width_left=&#8221;10px&#8221; global_colors_info=&#8221;{}&#8221;]<\/p>\n<h1>Hist\u00f2ria del Steel Framing<\/h1>\n<p>[\/et_pb_text][et_pb_text _builder_version=&#8221;4.14.4&#8243; text_font=&#8221;||||||||&#8221; text_font_size=&#8221;22px&#8221; text_line_height=&#8221;1.6em&#8221; header_font=&#8221;||||||||&#8221; background_layout=&#8221;dark&#8221; max_width=&#8221;800px&#8221; custom_margin=&#8221;|||&#8221; custom_padding=&#8221;20px||20px||true&#8221; text_font_size_tablet=&#8221;18px&#8221; text_font_size_phone=&#8221;&#8221; text_font_size_last_edited=&#8221;on|phone&#8221; global_colors_info=&#8221;{}&#8221;]<\/p>\n<p class=\"p2\">Tot i que cada vegada est\u00e0 m\u00e9s de moda per les seves excel\u00b7lents avantatges, es tracta d\u2019una tecnologia consolidada.<\/p>\n<p>[\/et_pb_text][\/et_pb_column][et_pb_column type=&#8221;1_3&#8243; _builder_version=&#8221;3.25&#8243; custom_padding=&#8221;|||&#8221; global_colors_info=&#8221;{}&#8221; custom_padding__hover=&#8221;|||&#8221;][\/et_pb_column][\/et_pb_row][\/et_pb_section][et_pb_section fb_built=&#8221;1&#8243; admin_label=&#8221;About&#8221; _builder_version=&#8221;3.22&#8243; collapsed=&#8221;on&#8221; global_colors_info=&#8221;{}&#8221;][et_pb_row column_structure=&#8221;1_2,1_2&#8243; _builder_version=&#8221;3.25&#8243; global_colors_info=&#8221;{}&#8221;][et_pb_column type=&#8221;1_2&#8243; _builder_version=&#8221;3.25&#8243; custom_padding=&#8221;|||&#8221; global_colors_info=&#8221;{}&#8221; custom_padding__hover=&#8221;|||&#8221;][et_pb_text _builder_version=&#8221;4.14.4&#8243; text_font=&#8221;||||||||&#8221; text_font_size=&#8221;15px&#8221; text_line_height=&#8221;1.8em&#8221; custom_padding=&#8221;|||&#8221; custom_padding_tablet=&#8221;|40px||40px||true&#8221; custom_padding_last_edited=&#8221;off|desktop&#8221; global_colors_info=&#8221;{}&#8221;]<\/p>\n<p class=\"p2\">Acabada la Segona Guerra Mundial, al Jap\u00f3 varen utilitzar aquest sistema per reconstru\u00efr millons de cases aniquilades pels bombardejos.<\/p>\n<p class=\"p3\">Al 1933, es va presentar a la Fira Mundial de Chicago el prototip d\u2019una resid\u00e8ncia unifamiliar feta amb aquest sistema, com a substituci\u00f3 de les habituals estructures de fusta, i des de llavors aquest sistema ha estat permanentment utilitzat al continent americ\u00e0, evolucionant des d\u2019aquelles dates a nivell exponencial fins a esdevenir el sistema constructiu m\u00e9s emprat en tot el m\u00f3n en els \u00e0mbits residencial, comercial i de rehabilitaci\u00f3.<\/p>\n<p>[\/et_pb_text][\/et_pb_column][et_pb_column type=&#8221;1_2&#8243; _builder_version=&#8221;3.25&#8243; custom_padding=&#8221;|||&#8221; global_colors_info=&#8221;{}&#8221; custom_padding__hover=&#8221;|||&#8221;][et_pb_text _builder_version=&#8221;4.14.4&#8243; text_font=&#8221;||||||||&#8221; text_font_size=&#8221;15px&#8221; text_line_height=&#8221;1.8em&#8221; custom_padding=&#8221;|||&#8221; custom_padding_tablet=&#8221;|40px||40px||true&#8221; custom_padding_last_edited=&#8221;off|desktop&#8221; locked=&#8221;off&#8221; global_colors_info=&#8221;{}&#8221;]<\/p>\n<p class=\"p2\">De seguida es va poder industrialitzar, permetent una gran reducci\u00f3 dels temps de fabricaci\u00f3 aix\u00ed com dels costos.<span class=\"Apple-converted-space\"> <\/span><\/p>\n<p class=\"p3\">En pa\u00efsos del nord d\u2019Europa com Alemania, B\u00e8lgica, Pa\u00efsos Baixos, Dinamarca, \u00c0ustria, Noruega, Fran\u00e7a, etc, \u00e9s en l\u2019actualitat el sistema m\u00e9s emprat en construcci\u00f3 de vivenda unifamiliar i la primera opci\u00f3 a l\u2019hora d\u2019estudiar projectes residencials, comercials i de rehabilitaci\u00f3.<span class=\"Apple-converted-space\"> <\/span><\/p>\n<p class=\"p4\">Tot aix\u00f2 \u00e9s degut als m\u00faltiples avantatges i comoditats que ens ofereix el Steel Framing.<\/p>\n<p>[\/et_pb_text][\/et_pb_column][\/et_pb_row][\/et_pb_section][et_pb_section fb_built=&#8221;1&#8243; admin_label=&#8221; Get a Quote&#8221; _builder_version=&#8221;4.14.4&#8243; background_color=&#8221;RGBA(255,255,255,0)&#8221; custom_padding=&#8221;|||&#8221; animation_style=&#8221;slide&#8221; animation_direction=&#8221;top&#8221; animation_intensity_slide=&#8221;10%&#8221; box_shadow_style=&#8221;preset3&#8243; box_shadow_vertical=&#8221;10px&#8221; box_shadow_blur=&#8221;105px&#8221; box_shadow_spread=&#8221;0px&#8221; box_shadow_color=&#8221;rgba(0,0,0,0.12)&#8221; locked=&#8221;off&#8221; collapsed=&#8221;off&#8221; global_colors_info=&#8221;{}&#8221;][et_pb_row column_structure=&#8221;1_3,1_3,1_3&#8243; _builder_version=&#8221;4.14.4&#8243; background_color=&#8221;RGBA(255,255,255,0)&#8221; max_width=&#8221;80%&#8221; custom_margin=&#8221;|||&#8221; use_custom_width=&#8221;on&#8221; width_unit=&#8221;off&#8221; global_colors_info=&#8221;{}&#8221;][et_pb_column type=&#8221;1_3&#8243; _builder_version=&#8221;3.25&#8243; custom_padding=&#8221;|||&#8221; global_colors_info=&#8221;{}&#8221; custom_padding__hover=&#8221;|||&#8221;][et_pb_blurb title=&#8221;NETEDAT&#8221; image=&#8221;https:\/\/by-steel.es\/wp-content\/uploads\/2022\/01\/construction-icon-7-gray.png&#8221; icon_placement=&#8221;left&#8221; image_icon_width=&#8221;64px&#8221; content_max_width=&#8221;1100px&#8221; content_max_width_tablet=&#8221;1100px&#8221; content_max_width_last_edited=&#8221;off|desktop&#8221; _builder_version=&#8221;4.14.4&#8243; header_font=&#8221;Rubik|700|||||||&#8221; header_line_height=&#8221;1.4em&#8221; body_font=&#8221;||||||||&#8221; body_font_size=&#8221;15px&#8221; body_line_height=&#8221;1.8em&#8221; custom_margin=&#8221;|||&#8221; custom_padding=&#8221;|||&#8221; animation_style=&#8221;slide&#8221; animation_direction=&#8221;right&#8221; animation_intensity_slide=&#8221;10%&#8221; animation=&#8221;off&#8221; image_max_width=&#8221;64px&#8221; locked=&#8221;off&#8221; global_colors_info=&#8221;{}&#8221;]<\/p>\n<p class=\"p2\">Comoditat i netedat a l\u2019obra.<span class=\"Apple-converted-space\"> <\/span><\/p>\n<p>[\/et_pb_blurb][\/et_pb_column][et_pb_column type=&#8221;1_3&#8243; _builder_version=&#8221;3.25&#8243; custom_padding=&#8221;|||&#8221; global_colors_info=&#8221;{}&#8221; custom_padding__hover=&#8221;|||&#8221;][et_pb_blurb title=&#8221;EXACTITUD&#8221; image=&#8221;https:\/\/by-steel.es\/wp-content\/uploads\/2022\/01\/construction-icon-5-gray.png&#8221; icon_placement=&#8221;left&#8221; image_icon_width=&#8221;64px&#8221; content_max_width=&#8221;1100px&#8221; content_max_width_tablet=&#8221;1100px&#8221; content_max_width_last_edited=&#8221;off|desktop&#8221; _builder_version=&#8221;4.14.4&#8243; header_font=&#8221;Rubik|700|||||||&#8221; header_line_height=&#8221;1.4em&#8221; body_font=&#8221;||||||||&#8221; body_font_size=&#8221;15px&#8221; body_line_height=&#8221;1.8em&#8221; custom_margin=&#8221;|||&#8221; custom_padding=&#8221;|||&#8221; animation_style=&#8221;slide&#8221; animation_direction=&#8221;right&#8221; animation_delay=&#8221;100ms&#8221; animation_intensity_slide=&#8221;10%&#8221; animation=&#8221;off&#8221; image_max_width=&#8221;64px&#8221; locked=&#8221;off&#8221; global_colors_info=&#8221;{}&#8221;]<\/p>\n<p class=\"p2\">Exactitut en l\u2019estimaci\u00f3 de temps d\u2019execuci\u00f3,<span class=\"Apple-converted-space\"> <\/span>costos i quantitat de materials emprats.<span class=\"Apple-converted-space\"> <\/span><\/p>\n<p>[\/et_pb_blurb][\/et_pb_column][et_pb_column type=&#8221;1_3&#8243; _builder_version=&#8221;3.25&#8243; custom_padding=&#8221;|||&#8221; global_colors_info=&#8221;{}&#8221; custom_padding__hover=&#8221;|||&#8221;][et_pb_blurb title=&#8221;ESTALVI&#8221; image=&#8221;https:\/\/by-steel.es\/wp-content\/uploads\/2022\/01\/construction-icon-2-gray.png&#8221; icon_placement=&#8221;left&#8221; image_icon_width=&#8221;64px&#8221; content_max_width=&#8221;1100px&#8221; content_max_width_tablet=&#8221;1100px&#8221; content_max_width_last_edited=&#8221;off|desktop&#8221; _builder_version=&#8221;4.14.4&#8243; header_font=&#8221;Rubik|700|||||||&#8221; header_line_height=&#8221;1.4em&#8221; body_font=&#8221;||||||||&#8221; body_font_size=&#8221;15px&#8221; body_line_height=&#8221;1.8em&#8221; custom_margin=&#8221;|||&#8221; custom_padding=&#8221;|||&#8221; animation_style=&#8221;slide&#8221; animation_direction=&#8221;right&#8221; animation_delay=&#8221;200ms&#8221; animation_intensity_slide=&#8221;10%&#8221; animation=&#8221;off&#8221; image_max_width=&#8221;64px&#8221; locked=&#8221;off&#8221; global_colors_info=&#8221;{}&#8221;]<\/p>\n<p class=\"p2\">Estalvi en costos econ\u00f2mics.<span class=\"Apple-converted-space\"><br \/><\/span>Estalvi en materials auxiliars.<span class=\"Apple-converted-space\"> <\/span><\/p>\n<p>[\/et_pb_blurb][\/et_pb_column][\/et_pb_row][et_pb_row column_structure=&#8221;1_3,1_3,1_3&#8243; _builder_version=&#8221;4.14.4&#8243; background_color=&#8221;RGBA(255,255,255,0)&#8221; max_width=&#8221;80%&#8221; custom_margin=&#8221;|||&#8221; use_custom_width=&#8221;on&#8221; width_unit=&#8221;off&#8221; global_colors_info=&#8221;{}&#8221;][et_pb_column type=&#8221;1_3&#8243; _builder_version=&#8221;3.25&#8243; custom_padding=&#8221;|||&#8221; global_colors_info=&#8221;{}&#8221; custom_padding__hover=&#8221;|||&#8221;][et_pb_blurb title=&#8221;SOSTENIBILITAT&#8221; image=&#8221;https:\/\/by-steel.es\/wp-content\/uploads\/2022\/01\/construction-icon-1-gray.png&#8221; icon_placement=&#8221;left&#8221; image_icon_width=&#8221;64px&#8221; content_max_width=&#8221;1100px&#8221; content_max_width_tablet=&#8221;1100px&#8221; content_max_width_last_edited=&#8221;off|desktop&#8221; _builder_version=&#8221;4.14.4&#8243; header_font=&#8221;Rubik|700|||||||&#8221; header_line_height=&#8221;1.4em&#8221; body_font=&#8221;||||||||&#8221; body_font_size=&#8221;15px&#8221; body_line_height=&#8221;1.8em&#8221; custom_margin=&#8221;|||&#8221; custom_padding=&#8221;|||&#8221; animation_style=&#8221;slide&#8221; animation_direction=&#8221;right&#8221; animation_intensity_slide=&#8221;10%&#8221; animation=&#8221;off&#8221; image_max_width=&#8221;64px&#8221; locked=&#8221;off&#8221; global_colors_info=&#8221;{}&#8221;]<\/p>\n<p class=\"p2\">M\u00e9s segura, m\u00e9s funcional i m\u00e9s responsable amb el medi ambient.<span class=\"Apple-converted-space\"> <\/span><\/p>\n<p>[\/et_pb_blurb][\/et_pb_column][et_pb_column type=&#8221;1_3&#8243; _builder_version=&#8221;3.25&#8243; custom_padding=&#8221;|||&#8221; global_colors_info=&#8221;{}&#8221; custom_padding__hover=&#8221;|||&#8221;][et_pb_blurb title=&#8221;FACILITAT&#8221; image=&#8221;https:\/\/by-steel.es\/wp-content\/uploads\/2022\/01\/construction-icon-6-gray.png&#8221; icon_placement=&#8221;left&#8221; image_icon_width=&#8221;64px&#8221; content_max_width=&#8221;1100px&#8221; content_max_width_tablet=&#8221;1100px&#8221; content_max_width_last_edited=&#8221;off|desktop&#8221; _builder_version=&#8221;4.14.4&#8243; header_font=&#8221;Rubik|700|||||||&#8221; header_line_height=&#8221;1.4em&#8221; body_font=&#8221;||||||||&#8221; body_font_size=&#8221;15px&#8221; body_line_height=&#8221;1.8em&#8221; custom_margin=&#8221;|||&#8221; custom_padding=&#8221;|||&#8221; animation_style=&#8221;slide&#8221; animation_direction=&#8221;right&#8221; animation_delay=&#8221;100ms&#8221; animation_intensity_slide=&#8221;10%&#8221; animation=&#8221;off&#8221; image_max_width=&#8221;64px&#8221; locked=&#8221;off&#8221; global_colors_info=&#8221;{}&#8221;]<\/p>\n<p class=\"p2\">Deconstrucci\u00f3 efica\u00e7.<\/p>\n<p>[\/et_pb_blurb][\/et_pb_column][et_pb_column type=&#8221;1_3&#8243; _builder_version=&#8221;3.25&#8243; custom_padding=&#8221;|||&#8221; global_colors_info=&#8221;{}&#8221; custom_padding__hover=&#8221;|||&#8221;][et_pb_blurb title=&#8221;RESIST\u00c8NCIA&#8221; image=&#8221;https:\/\/by-steel.es\/wp-content\/uploads\/2022\/01\/construction-icon-4-gray.png&#8221; icon_placement=&#8221;left&#8221; image_icon_width=&#8221;64px&#8221; content_max_width=&#8221;1100px&#8221; content_max_width_tablet=&#8221;1100px&#8221; content_max_width_last_edited=&#8221;off|desktop&#8221; _builder_version=&#8221;4.14.4&#8243; header_font=&#8221;Rubik|700|||||||&#8221; header_line_height=&#8221;1.4em&#8221; body_font=&#8221;||||||||&#8221; body_font_size=&#8221;15px&#8221; body_line_height=&#8221;1.8em&#8221; custom_margin=&#8221;|||&#8221; custom_padding=&#8221;|||&#8221; animation_style=&#8221;slide&#8221; animation_direction=&#8221;right&#8221; animation_delay=&#8221;200ms&#8221; animation_intensity_slide=&#8221;10%&#8221; animation=&#8221;off&#8221; image_max_width=&#8221;64px&#8221; locked=&#8221;off&#8221; global_colors_info=&#8221;{}&#8221;]<\/p>\n<p class=\"p2\">Resist\u00e8ncia t\u00e8rmica, ac\u00fastica,<br \/>a la corrossi\u00f3 i al foc.<span class=\"Apple-converted-space\"> <\/span><\/p>\n<p>[\/et_pb_blurb][\/et_pb_column][\/et_pb_row][\/et_pb_section]<\/p>\n","protected":false},"excerpt":{"rendered":"<p>Hist\u00f2ria del Steel FramingTot i que cada vegada est\u00e0 m\u00e9s de moda per les seves excel\u00b7lents avantatges, es tracta d\u2019una tecnologia consolidada.Acabada la Segona Guerra Mundial, al Jap\u00f3 varen utilitzar aquest sistema per reconstru\u00efr millons de cases aniquilades pels bombardejos. Al 1933, es va presentar a la Fira Mundial de Chicago el prototip d\u2019una resid\u00e8ncia [&hellip;]<\/p>\n","protected":false},"author":1,"featured_media":0,"parent":0,"menu_order":0,"comment_status":"closed","ping_status":"closed","template":"","meta":{"_et_pb_use_builder":"on","_et_pb_old_content":"","_et_gb_content_width":"","footnotes":""},"class_list":["post-48","page","type-page","status-publish","hentry"],"yoast_head":"<!-- This site is optimized with the Yoast SEO plugin v23.2 - https:\/\/yoast.com\/wordpress\/plugins\/seo\/ -->\n<title>Hist\u00f2ria del Steel Framing | By-Steel | Estructuras de acero para la construcci\u00f3n<\/title>\n<meta name=\"robots\" content=\"index, follow, max-snippet:-1, max-image-preview:large, max-video-preview:-1\" \/>\n<link rel=\"canonical\" href=\"https:\/\/by-steel.es\/ca\/48-2\/\" \/>\n<meta property=\"og:locale\" content=\"ca_ES\" \/>\n<meta property=\"og:type\" content=\"article\" \/>\n<meta property=\"og:title\" content=\"Hist\u00f2ria del Steel Framing | By-Steel | Estructuras de acero para la construcci\u00f3n\" \/>\n<meta property=\"og:description\" content=\"Hist\u00f2ria del Steel FramingTot i que cada vegada est\u00e0 m\u00e9s de moda per les seves excel\u00b7lents avantatges, es tracta d\u2019una tecnologia consolidada.Acabada la Segona Guerra Mundial, al Jap\u00f3 varen utilitzar aquest sistema per reconstru\u00efr millons de cases aniquilades pels bombardejos. Al 1933, es va presentar a la Fira Mundial de Chicago el prototip d\u2019una resid\u00e8ncia [&hellip;]\" \/>\n<meta property=\"og:url\" content=\"https:\/\/by-steel.es\/ca\/48-2\/\" \/>\n<meta property=\"og:site_name\" content=\"By-Steel | Estructuras de acero para la construcci\u00f3n\" \/>\n<meta property=\"article:modified_time\" content=\"2022-03-30T13:34:31+00:00\" \/>\n<meta name=\"twitter:card\" content=\"summary_large_image\" \/>\n<meta name=\"twitter:label1\" content=\"Temps estimat de lectura\" \/>\n\t<meta name=\"twitter:data1\" content=\"7 minuts\" \/>\n<script type=\"application\/ld+json\" class=\"yoast-schema-graph\">{\"@context\":\"https:\/\/schema.org\",\"@graph\":[{\"@type\":\"WebPage\",\"@id\":\"https:\/\/by-steel.es\/ca\/48-2\/\",\"url\":\"https:\/\/by-steel.es\/ca\/48-2\/\",\"name\":\"Hist\u00f2ria del Steel Framing | By-Steel | Estructuras de acero para la construcci\u00f3n\",\"isPartOf\":{\"@id\":\"https:\/\/by-steel.es\/#website\"},\"datePublished\":\"2022-01-21T16:08:28+00:00\",\"dateModified\":\"2022-03-30T13:34:31+00:00\",\"breadcrumb\":{\"@id\":\"https:\/\/by-steel.es\/ca\/48-2\/#breadcrumb\"},\"inLanguage\":\"ca\",\"potentialAction\":[{\"@type\":\"ReadAction\",\"target\":[\"https:\/\/by-steel.es\/ca\/48-2\/\"]}]},{\"@type\":\"BreadcrumbList\",\"@id\":\"https:\/\/by-steel.es\/ca\/48-2\/#breadcrumb\",\"itemListElement\":[{\"@type\":\"ListItem\",\"position\":1,\"name\":\"Inici\",\"item\":\"https:\/\/by-steel.es\/ca\/\"},{\"@type\":\"ListItem\",\"position\":2,\"name\":\"Hist\u00f2ria del Steel Framing\"}]},{\"@type\":\"WebSite\",\"@id\":\"https:\/\/by-steel.es\/#website\",\"url\":\"https:\/\/by-steel.es\/\",\"name\":\"By-Steel | Estructuras de acero para la construcci\u00f3n\",\"description\":\"Dise\u00f1o, fabricaci\u00f3n y montaje de estructuras de acero galvanizado para su construcci\u00f3n.\",\"publisher\":{\"@id\":\"https:\/\/by-steel.es\/#organization\"},\"potentialAction\":[{\"@type\":\"SearchAction\",\"target\":{\"@type\":\"EntryPoint\",\"urlTemplate\":\"https:\/\/by-steel.es\/?s={search_term_string}\"},\"query-input\":\"required name=search_term_string\"}],\"inLanguage\":\"ca\"},{\"@type\":\"Organization\",\"@id\":\"https:\/\/by-steel.es\/#organization\",\"name\":\"By-Steel.lsf\",\"url\":\"https:\/\/by-steel.es\/\",\"logo\":{\"@type\":\"ImageObject\",\"inLanguage\":\"ca\",\"@id\":\"https:\/\/by-steel.es\/#\/schema\/logo\/image\/\",\"url\":\"https:\/\/by-steel.es\/wp-content\/uploads\/2022\/01\/logo-BySteel.png\",\"contentUrl\":\"https:\/\/by-steel.es\/wp-content\/uploads\/2022\/01\/logo-BySteel.png\",\"width\":897,\"height\":353,\"caption\":\"By-Steel.lsf\"},\"image\":{\"@id\":\"https:\/\/by-steel.es\/#\/schema\/logo\/image\/\"}}]}<\/script>\n<!-- \/ Yoast SEO plugin. -->","yoast_head_json":{"title":"Hist\u00f2ria del Steel Framing | By-Steel | Estructuras de acero para la construcci\u00f3n","robots":{"index":"index","follow":"follow","max-snippet":"max-snippet:-1","max-image-preview":"max-image-preview:large","max-video-preview":"max-video-preview:-1"},"canonical":"https:\/\/by-steel.es\/ca\/48-2\/","og_locale":"ca_ES","og_type":"article","og_title":"Hist\u00f2ria del Steel Framing | By-Steel | Estructuras de acero para la construcci\u00f3n","og_description":"Hist\u00f2ria del Steel FramingTot i que cada vegada est\u00e0 m\u00e9s de moda per les seves excel\u00b7lents avantatges, es tracta d\u2019una tecnologia consolidada.Acabada la Segona Guerra Mundial, al Jap\u00f3 varen utilitzar aquest sistema per reconstru\u00efr millons de cases aniquilades pels bombardejos. Al 1933, es va presentar a la Fira Mundial de Chicago el prototip d\u2019una resid\u00e8ncia [&hellip;]","og_url":"https:\/\/by-steel.es\/ca\/48-2\/","og_site_name":"By-Steel | Estructuras de acero para la construcci\u00f3n","article_modified_time":"2022-03-30T13:34:31+00:00","twitter_card":"summary_large_image","twitter_misc":{"Temps estimat de lectura":"7 minuts"},"schema":{"@context":"https:\/\/schema.org","@graph":[{"@type":"WebPage","@id":"https:\/\/by-steel.es\/ca\/48-2\/","url":"https:\/\/by-steel.es\/ca\/48-2\/","name":"Hist\u00f2ria del Steel Framing | By-Steel | Estructuras de acero para la construcci\u00f3n","isPartOf":{"@id":"https:\/\/by-steel.es\/#website"},"datePublished":"2022-01-21T16:08:28+00:00","dateModified":"2022-03-30T13:34:31+00:00","breadcrumb":{"@id":"https:\/\/by-steel.es\/ca\/48-2\/#breadcrumb"},"inLanguage":"ca","potentialAction":[{"@type":"ReadAction","target":["https:\/\/by-steel.es\/ca\/48-2\/"]}]},{"@type":"BreadcrumbList","@id":"https:\/\/by-steel.es\/ca\/48-2\/#breadcrumb","itemListElement":[{"@type":"ListItem","position":1,"name":"Inici","item":"https:\/\/by-steel.es\/ca\/"},{"@type":"ListItem","position":2,"name":"Hist\u00f2ria del Steel Framing"}]},{"@type":"WebSite","@id":"https:\/\/by-steel.es\/#website","url":"https:\/\/by-steel.es\/","name":"By-Steel | Estructuras de acero para la construcci\u00f3n","description":"Dise\u00f1o, fabricaci\u00f3n y montaje de estructuras de acero galvanizado para su construcci\u00f3n.","publisher":{"@id":"https:\/\/by-steel.es\/#organization"},"potentialAction":[{"@type":"SearchAction","target":{"@type":"EntryPoint","urlTemplate":"https:\/\/by-steel.es\/?s={search_term_string}"},"query-input":"required name=search_term_string"}],"inLanguage":"ca"},{"@type":"Organization","@id":"https:\/\/by-steel.es\/#organization","name":"By-Steel.lsf","url":"https:\/\/by-steel.es\/","logo":{"@type":"ImageObject","inLanguage":"ca","@id":"https:\/\/by-steel.es\/#\/schema\/logo\/image\/","url":"https:\/\/by-steel.es\/wp-content\/uploads\/2022\/01\/logo-BySteel.png","contentUrl":"https:\/\/by-steel.es\/wp-content\/uploads\/2022\/01\/logo-BySteel.png","width":897,"height":353,"caption":"By-Steel.lsf"},"image":{"@id":"https:\/\/by-steel.es\/#\/schema\/logo\/image\/"}}]}},"_links":{"self":[{"href":"https:\/\/by-steel.es\/ca\/wp-json\/wp\/v2\/pages\/48","targetHints":{"allow":["GET"]}}],"collection":[{"href":"https:\/\/by-steel.es\/ca\/wp-json\/wp\/v2\/pages"}],"about":[{"href":"https:\/\/by-steel.es\/ca\/wp-json\/wp\/v2\/types\/page"}],"author":[{"embeddable":true,"href":"https:\/\/by-steel.es\/ca\/wp-json\/wp\/v2\/users\/1"}],"replies":[{"embeddable":true,"href":"https:\/\/by-steel.es\/ca\/wp-json\/wp\/v2\/comments?post=48"}],"version-history":[{"count":13,"href":"https:\/\/by-steel.es\/ca\/wp-json\/wp\/v2\/pages\/48\/revisions"}],"predecessor-version":[{"id":388,"href":"https:\/\/by-steel.es\/ca\/wp-json\/wp\/v2\/pages\/48\/revisions\/388"}],"wp:attachment":[{"href":"https:\/\/by-steel.es\/ca\/wp-json\/wp\/v2\/media?parent=48"}],"curies":[{"name":"wp","href":"https:\/\/api.w.org\/{rel}","templated":true}]}}