{"id":411,"date":"2022-02-07T18:14:20","date_gmt":"2022-02-07T16:14:20","guid":{"rendered":"https:\/\/by-steel.cat\/?page_id=411"},"modified":"2023-07-21T13:35:44","modified_gmt":"2023-07-21T11:35:44","slug":"documents-tecnics","status":"publish","type":"page","link":"https:\/\/by-steel.es\/ca\/documents-tecnics\/","title":{"rendered":"Documents t\u00e8cnics"},"content":{"rendered":"<p>[et_pb_section fb_built=&#8221;1&#8243; admin_label=&#8221;Hero&#8221; _builder_version=&#8221;4.14.7&#8243; use_background_color_gradient=&#8221;on&#8221; background_color_gradient_start=&#8221;rgba(40,40,40,0.79)&#8221; background_color_gradient_end=&#8221;rgba(40,40,40,0.86)&#8221; background_color_gradient_type=&#8221;radial&#8221; background_color_gradient_direction_radial=&#8221;top left&#8221; background_color_gradient_overlays_image=&#8221;on&#8221; background_image=&#8221;https:\/\/by-steel.es\/wp-content\/uploads\/2022\/01\/BySteel-galeria1-1.jpg&#8221; custom_margin=&#8221;||||false&#8221; custom_padding=&#8221;10vw||10vw||true|false&#8221; global_colors_info=&#8221;{}&#8221;][et_pb_row column_structure=&#8221;3_4,1_4&#8243; _builder_version=&#8221;3.25&#8243; global_colors_info=&#8221;{}&#8221;][et_pb_column type=&#8221;3_4&#8243; _builder_version=&#8221;3.25&#8243; custom_padding=&#8221;|||&#8221; global_colors_info=&#8221;{}&#8221; custom_padding__hover=&#8221;|||&#8221;][et_pb_text _builder_version=&#8221;4.14.7&#8243; text_font=&#8221;||||||||&#8221; header_font=&#8221;Rubik|700|||||||&#8221; header_font_size=&#8221;64px&#8221; header_line_height=&#8221;1.1em&#8221; background_layout=&#8221;dark&#8221; max_width=&#8221;800px&#8221; custom_margin=&#8221;||0px|&#8221; custom_padding=&#8221;|||16px&#8221; text_font_size_tablet=&#8221;14px&#8221; text_font_size_last_edited=&#8221;off|desktop&#8221; header_font_size_tablet=&#8221;44px&#8221; header_font_size_phone=&#8221;32px&#8221; header_font_size_last_edited=&#8221;on|phone&#8221; border_color_all=&#8221;#CFCFD4&#8243; border_width_left=&#8221;10px&#8221; global_colors_info=&#8221;{}&#8221;]<\/p>\n<h1>Documentaci\u00f3 t\u00e8cnica<\/h1>\n<p>[\/et_pb_text][et_pb_text _builder_version=&#8221;4.14.7&#8243; text_font=&#8221;||||||||&#8221; text_font_size=&#8221;22px&#8221; text_line_height=&#8221;1.6em&#8221; header_font=&#8221;||||||||&#8221; background_layout=&#8221;dark&#8221; max_width=&#8221;800px&#8221; custom_margin=&#8221;|||&#8221; custom_padding=&#8221;20px||20px||true&#8221; text_font_size_tablet=&#8221;18px&#8221; text_font_size_phone=&#8221;&#8221; text_font_size_last_edited=&#8221;on|phone&#8221; global_colors_info=&#8221;{}&#8221;]Descarrega la documentaci\u00f3 t\u00e8cnica que acredita la qualitat de les estrcutures d&#8217;acer de by-steel.cat[\/et_pb_text][\/et_pb_column][et_pb_column type=&#8221;1_4&#8243; _builder_version=&#8221;3.25&#8243; custom_padding=&#8221;|||&#8221; global_colors_info=&#8221;{}&#8221; custom_padding__hover=&#8221;|||&#8221;][\/et_pb_column][\/et_pb_row][\/et_pb_section][et_pb_section fb_built=&#8221;1&#8243; admin_label=&#8221;Project Details&#8221; _builder_version=&#8221;3.22&#8243; custom_padding=&#8221;90px||90px||true&#8221; global_colors_info=&#8221;{}&#8221;][et_pb_row column_structure=&#8221;1_2,1_2&#8243; _builder_version=&#8221;3.25&#8243; global_colors_info=&#8221;{}&#8221;][et_pb_column type=&#8221;1_2&#8243; _builder_version=&#8221;3.25&#8243; custom_padding=&#8221;|||&#8221; global_colors_info=&#8221;{}&#8221; custom_padding__hover=&#8221;|||&#8221;][et_pb_text _builder_version=&#8221;4.14.7&#8243; text_font=&#8221;||||||||&#8221; link_font=&#8221;||||||||&#8221; ul_font=&#8221;||||||||&#8221; ol_font=&#8221;||||||||&#8221; quote_font=&#8221;||||||||&#8221; header_font=&#8221;||||||||&#8221; header_2_font=&#8221;Rubik|700|||||||&#8221; header_2_font_size=&#8221;42px&#8221; header_2_line_height=&#8221;1.2em&#8221; module_alignment=&#8221;center&#8221; custom_margin=&#8221;|||&#8221; custom_padding=&#8221;|||&#8221; header_2_font_size_tablet=&#8221;&#8221; header_2_font_size_phone=&#8221;36px&#8221; header_2_font_size_last_edited=&#8221;on|phone&#8221; locked=&#8221;off&#8221; global_colors_info=&#8221;{}&#8221;]<\/p>\n<h2>Descarrega de documents<\/h2>\n<p>[\/et_pb_text][et_pb_divider color=&#8221;#5F6B79&#8243; divider_position=&#8221;center&#8221; divider_weight=&#8221;5px&#8221; _builder_version=&#8221;4.14.7&#8243; max_width=&#8221;50px&#8221; locked=&#8221;off&#8221; global_colors_info=&#8221;{}&#8221;][\/et_pb_divider][et_pb_text _builder_version=&#8221;4.14.7&#8243; text_font=&#8221;||||||||&#8221; text_font_size=&#8221;15px&#8221; text_line_height=&#8221;1.8em&#8221; custom_padding=&#8221;|||&#8221; custom_padding_tablet=&#8221;|40px||40px||true&#8221; custom_padding_last_edited=&#8221;off|desktop&#8221; locked=&#8221;off&#8221; global_colors_info=&#8221;{}&#8221;]Accedeix a la documentaci\u00f3 t\u00e8cnica que necessitis en format pdf de dels seg\u00fcents enlla\u00e7os:<\/p>\n<ul>\n<li><a href=\"\/wp-content\/uploads\/2022\/01\/Qualitats-acer-UNE-i-CE-by-steel.pdf\" target=\"_blank\" rel=\"noopener\">Qualitats de l&#8217;acer by-steel<\/a><\/li>\n<li><a href=\"\/wp-content\/uploads\/2022\/02\/E20_ES.pdf\" target=\"_blank\" rel=\"noopener\">Propietats de l&#8217;acer galvanitzat<\/a><\/li>\n<li><a href=\"\/wp-content\/documents\/acerogalvanizadoysostenibilidad.pdf\" target=\"_blank\" rel=\"noopener\">Acer galvanitzat i construcci\u00f3 sostenible<\/a><\/li>\n<li><a href=\"\/wp-content\/documents\/guia_tecnica_steelframing.pdf\" target=\"_blank\" rel=\"noopener\">Guia t\u00e8cnica de la tecnologia<\/a><\/li>\n<li><a href=\"\/wp-content\/documents\/european-lightweight-steel-framing.pdf\" target=\"_blank\" rel=\"noopener\">Presentaci\u00f3 de l&#8217;Associaci\u00f3 Europea de Construcci\u00f3 amb Acer Lleuger<\/a><\/li>\n<\/ul>\n<p>[\/et_pb_text][\/et_pb_column][et_pb_column type=&#8221;1_2&#8243; _builder_version=&#8221;3.25&#8243; custom_padding=&#8221;|||&#8221; global_colors_info=&#8221;{}&#8221; custom_padding__hover=&#8221;|||&#8221;][et_pb_image src=&#8221;https:\/\/by-steel.es\/wp-content\/uploads\/2022\/01\/BySteel-galeria51-1.jpg&#8221; title_text=&#8221;BySteel galeria51&#8243; force_fullwidth=&#8221;on&#8221; align_tablet=&#8221;center&#8221; align_phone=&#8221;center&#8221; align_last_edited=&#8221;on|desktop&#8221; _builder_version=&#8221;4.14.7&#8243; locked=&#8221;off&#8221; global_colors_info=&#8221;{}&#8221;][\/et_pb_image][\/et_pb_column][\/et_pb_row][\/et_pb_section]<\/p>\n","protected":false},"excerpt":{"rendered":"<p>Documentaci\u00f3 t\u00e8cnicaDescarrega la documentaci\u00f3 t\u00e8cnica que acredita la qualitat de les estrcutures d&#8217;acer de by-steel.catDescarrega de documentsAccedeix a la documentaci\u00f3 t\u00e8cnica que necessitis en format pdf de dels seg\u00fcents enlla\u00e7os: Qualitats de l&#8217;acer by-steel Propietats de l&#8217;acer galvanitzat Acer galvanitzat i construcci\u00f3 sostenible Guia t\u00e8cnica de la tecnologia Presentaci\u00f3 de l&#8217;Associaci\u00f3 Europea de Construcci\u00f3 amb [&hellip;]<\/p>\n","protected":false},"author":1,"featured_media":0,"parent":0,"menu_order":0,"comment_status":"closed","ping_status":"closed","template":"","meta":{"_et_pb_use_builder":"on","_et_pb_old_content":"","_et_gb_content_width":"","footnotes":""},"class_list":["post-411","page","type-page","status-publish","hentry"],"yoast_head":"<!-- This site is optimized with the Yoast SEO plugin v23.2 - https:\/\/yoast.com\/wordpress\/plugins\/seo\/ -->\n<title>by-steel.cat |Documentaci\u00f3 t\u00e8cnica de les nostres estructures d&#039;acer<\/title>\n<meta name=\"robots\" content=\"index, follow, max-snippet:-1, max-image-preview:large, max-video-preview:-1\" \/>\n<link rel=\"canonical\" href=\"https:\/\/by-steel.es\/ca\/documents-tecnics\/\" \/>\n<meta property=\"og:locale\" content=\"ca_ES\" \/>\n<meta property=\"og:type\" content=\"article\" \/>\n<meta property=\"og:title\" content=\"by-steel.cat |Documentaci\u00f3 t\u00e8cnica de les nostres estructures d&#039;acer\" \/>\n<meta property=\"og:description\" content=\"Documentaci\u00f3 t\u00e8cnicaDescarrega la documentaci\u00f3 t\u00e8cnica que acredita la qualitat de les estrcutures d&#039;acer de by-steel.catDescarrega de documentsAccedeix a la documentaci\u00f3 t\u00e8cnica que necessitis en format pdf de dels seg\u00fcents enlla\u00e7os: Qualitats de l&#039;acer by-steel Propietats de l&#039;acer galvanitzat Acer galvanitzat i construcci\u00f3 sostenible Guia t\u00e8cnica de la tecnologia Presentaci\u00f3 de l&#039;Associaci\u00f3 Europea de Construcci\u00f3 amb [&hellip;]\" \/>\n<meta property=\"og:url\" content=\"https:\/\/by-steel.es\/ca\/documents-tecnics\/\" \/>\n<meta property=\"og:site_name\" content=\"By-Steel | Estructuras de acero para la construcci\u00f3n\" \/>\n<meta property=\"article:modified_time\" content=\"2023-07-21T11:35:44+00:00\" \/>\n<meta name=\"twitter:card\" content=\"summary_large_image\" \/>\n<meta name=\"twitter:label1\" content=\"Temps estimat de lectura\" \/>\n\t<meta name=\"twitter:data1\" content=\"3 minuts\" \/>\n<script type=\"application\/ld+json\" class=\"yoast-schema-graph\">{\"@context\":\"https:\/\/schema.org\",\"@graph\":[{\"@type\":\"WebPage\",\"@id\":\"https:\/\/by-steel.es\/ca\/documents-tecnics\/\",\"url\":\"https:\/\/by-steel.es\/ca\/documents-tecnics\/\",\"name\":\"by-steel.cat |Documentaci\u00f3 t\u00e8cnica de les nostres estructures d'acer\",\"isPartOf\":{\"@id\":\"https:\/\/by-steel.es\/#website\"},\"datePublished\":\"2022-02-07T16:14:20+00:00\",\"dateModified\":\"2023-07-21T11:35:44+00:00\",\"breadcrumb\":{\"@id\":\"https:\/\/by-steel.es\/ca\/documents-tecnics\/#breadcrumb\"},\"inLanguage\":\"ca\",\"potentialAction\":[{\"@type\":\"ReadAction\",\"target\":[\"https:\/\/by-steel.es\/ca\/documents-tecnics\/\"]}]},{\"@type\":\"BreadcrumbList\",\"@id\":\"https:\/\/by-steel.es\/ca\/documents-tecnics\/#breadcrumb\",\"itemListElement\":[{\"@type\":\"ListItem\",\"position\":1,\"name\":\"Inici\",\"item\":\"https:\/\/by-steel.es\/ca\/\"},{\"@type\":\"ListItem\",\"position\":2,\"name\":\"Documents t\u00e8cnics\"}]},{\"@type\":\"WebSite\",\"@id\":\"https:\/\/by-steel.es\/#website\",\"url\":\"https:\/\/by-steel.es\/\",\"name\":\"By-Steel | Estructuras de acero para la construcci\u00f3n\",\"description\":\"Dise\u00f1o, fabricaci\u00f3n y montaje de estructuras de acero galvanizado para su construcci\u00f3n.\",\"publisher\":{\"@id\":\"https:\/\/by-steel.es\/#organization\"},\"potentialAction\":[{\"@type\":\"SearchAction\",\"target\":{\"@type\":\"EntryPoint\",\"urlTemplate\":\"https:\/\/by-steel.es\/?s={search_term_string}\"},\"query-input\":\"required name=search_term_string\"}],\"inLanguage\":\"ca\"},{\"@type\":\"Organization\",\"@id\":\"https:\/\/by-steel.es\/#organization\",\"name\":\"By-Steel.lsf\",\"url\":\"https:\/\/by-steel.es\/\",\"logo\":{\"@type\":\"ImageObject\",\"inLanguage\":\"ca\",\"@id\":\"https:\/\/by-steel.es\/#\/schema\/logo\/image\/\",\"url\":\"https:\/\/by-steel.es\/wp-content\/uploads\/2022\/01\/logo-BySteel.png\",\"contentUrl\":\"https:\/\/by-steel.es\/wp-content\/uploads\/2022\/01\/logo-BySteel.png\",\"width\":897,\"height\":353,\"caption\":\"By-Steel.lsf\"},\"image\":{\"@id\":\"https:\/\/by-steel.es\/#\/schema\/logo\/image\/\"}}]}<\/script>\n<!-- \/ Yoast SEO plugin. -->","yoast_head_json":{"title":"by-steel.cat |Documentaci\u00f3 t\u00e8cnica de les nostres estructures d'acer","robots":{"index":"index","follow":"follow","max-snippet":"max-snippet:-1","max-image-preview":"max-image-preview:large","max-video-preview":"max-video-preview:-1"},"canonical":"https:\/\/by-steel.es\/ca\/documents-tecnics\/","og_locale":"ca_ES","og_type":"article","og_title":"by-steel.cat |Documentaci\u00f3 t\u00e8cnica de les nostres estructures d'acer","og_description":"Documentaci\u00f3 t\u00e8cnicaDescarrega la documentaci\u00f3 t\u00e8cnica que acredita la qualitat de les estrcutures d'acer de by-steel.catDescarrega de documentsAccedeix a la documentaci\u00f3 t\u00e8cnica que necessitis en format pdf de dels seg\u00fcents enlla\u00e7os: Qualitats de l'acer by-steel Propietats de l'acer galvanitzat Acer galvanitzat i construcci\u00f3 sostenible Guia t\u00e8cnica de la tecnologia Presentaci\u00f3 de l'Associaci\u00f3 Europea de Construcci\u00f3 amb [&hellip;]","og_url":"https:\/\/by-steel.es\/ca\/documents-tecnics\/","og_site_name":"By-Steel | Estructuras de acero para la construcci\u00f3n","article_modified_time":"2023-07-21T11:35:44+00:00","twitter_card":"summary_large_image","twitter_misc":{"Temps estimat de lectura":"3 minuts"},"schema":{"@context":"https:\/\/schema.org","@graph":[{"@type":"WebPage","@id":"https:\/\/by-steel.es\/ca\/documents-tecnics\/","url":"https:\/\/by-steel.es\/ca\/documents-tecnics\/","name":"by-steel.cat |Documentaci\u00f3 t\u00e8cnica de les nostres estructures d'acer","isPartOf":{"@id":"https:\/\/by-steel.es\/#website"},"datePublished":"2022-02-07T16:14:20+00:00","dateModified":"2023-07-21T11:35:44+00:00","breadcrumb":{"@id":"https:\/\/by-steel.es\/ca\/documents-tecnics\/#breadcrumb"},"inLanguage":"ca","potentialAction":[{"@type":"ReadAction","target":["https:\/\/by-steel.es\/ca\/documents-tecnics\/"]}]},{"@type":"BreadcrumbList","@id":"https:\/\/by-steel.es\/ca\/documents-tecnics\/#breadcrumb","itemListElement":[{"@type":"ListItem","position":1,"name":"Inici","item":"https:\/\/by-steel.es\/ca\/"},{"@type":"ListItem","position":2,"name":"Documents t\u00e8cnics"}]},{"@type":"WebSite","@id":"https:\/\/by-steel.es\/#website","url":"https:\/\/by-steel.es\/","name":"By-Steel | Estructuras de acero para la construcci\u00f3n","description":"Dise\u00f1o, fabricaci\u00f3n y montaje de estructuras de acero galvanizado para su construcci\u00f3n.","publisher":{"@id":"https:\/\/by-steel.es\/#organization"},"potentialAction":[{"@type":"SearchAction","target":{"@type":"EntryPoint","urlTemplate":"https:\/\/by-steel.es\/?s={search_term_string}"},"query-input":"required name=search_term_string"}],"inLanguage":"ca"},{"@type":"Organization","@id":"https:\/\/by-steel.es\/#organization","name":"By-Steel.lsf","url":"https:\/\/by-steel.es\/","logo":{"@type":"ImageObject","inLanguage":"ca","@id":"https:\/\/by-steel.es\/#\/schema\/logo\/image\/","url":"https:\/\/by-steel.es\/wp-content\/uploads\/2022\/01\/logo-BySteel.png","contentUrl":"https:\/\/by-steel.es\/wp-content\/uploads\/2022\/01\/logo-BySteel.png","width":897,"height":353,"caption":"By-Steel.lsf"},"image":{"@id":"https:\/\/by-steel.es\/#\/schema\/logo\/image\/"}}]}},"_links":{"self":[{"href":"https:\/\/by-steel.es\/ca\/wp-json\/wp\/v2\/pages\/411","targetHints":{"allow":["GET"]}}],"collection":[{"href":"https:\/\/by-steel.es\/ca\/wp-json\/wp\/v2\/pages"}],"about":[{"href":"https:\/\/by-steel.es\/ca\/wp-json\/wp\/v2\/types\/page"}],"author":[{"embeddable":true,"href":"https:\/\/by-steel.es\/ca\/wp-json\/wp\/v2\/users\/1"}],"replies":[{"embeddable":true,"href":"https:\/\/by-steel.es\/ca\/wp-json\/wp\/v2\/comments?post=411"}],"version-history":[{"count":15,"href":"https:\/\/by-steel.es\/ca\/wp-json\/wp\/v2\/pages\/411\/revisions"}],"predecessor-version":[{"id":883,"href":"https:\/\/by-steel.es\/ca\/wp-json\/wp\/v2\/pages\/411\/revisions\/883"}],"wp:attachment":[{"href":"https:\/\/by-steel.es\/ca\/wp-json\/wp\/v2\/media?parent=411"}],"curies":[{"name":"wp","href":"https:\/\/api.w.org\/{rel}","templated":true}]}}