{"id":118,"date":"2022-01-25T10:16:58","date_gmt":"2022-01-25T08:16:58","guid":{"rendered":"https:\/\/by-steel.cat\/?page_id=118"},"modified":"2022-03-30T16:21:47","modified_gmt":"2022-03-30T14:21:47","slug":"serveis-per-partners","status":"publish","type":"page","link":"https:\/\/by-steel.es\/ca\/serveis-per-partners\/","title":{"rendered":"Serveis per partners"},"content":{"rendered":"<p>[et_pb_section fb_built=&#8221;1&#8243; admin_label=&#8221;Hero&#8221; _builder_version=&#8221;4.14.4&#8243; use_background_color_gradient=&#8221;on&#8221; background_color_gradient_start=&#8221;rgba(40,40,40,0.79)&#8221; background_color_gradient_end=&#8221;rgba(40,40,40,0.86)&#8221; background_color_gradient_type=&#8221;radial&#8221; background_color_gradient_direction_radial=&#8221;top left&#8221; background_color_gradient_overlays_image=&#8221;on&#8221; background_image=&#8221;https:\/\/by-steel.es\/wp-content\/uploads\/2022\/01\/seccio-partners.jpg&#8221; custom_margin=&#8221;||||false&#8221; custom_padding=&#8221;10vw||10vw||true|false&#8221; locked=&#8221;off&#8221; global_colors_info=&#8221;{}&#8221;][et_pb_row column_structure=&#8221;3_4,1_4&#8243; _builder_version=&#8221;4.14.4&#8243; global_colors_info=&#8221;{}&#8221;][et_pb_column type=&#8221;3_4&#8243; _builder_version=&#8221;3.25&#8243; custom_padding=&#8221;|||&#8221; global_colors_info=&#8221;{}&#8221; custom_padding__hover=&#8221;|||&#8221;][et_pb_text _builder_version=&#8221;4.14.4&#8243; text_font=&#8221;||||||||&#8221; header_font=&#8221;Rubik|700|||||||&#8221; header_font_size=&#8221;64px&#8221; header_line_height=&#8221;1.1em&#8221; background_layout=&#8221;dark&#8221; max_width=&#8221;800px&#8221; custom_margin=&#8221;||0px|&#8221; custom_padding=&#8221;|||16px&#8221; text_font_size_tablet=&#8221;14px&#8221; text_font_size_last_edited=&#8221;off|desktop&#8221; header_font_size_tablet=&#8221;44px&#8221; header_font_size_phone=&#8221;32px&#8221; header_font_size_last_edited=&#8221;on|phone&#8221; border_color_all=&#8221;#CFCFD4&#8243; border_width_left=&#8221;10px&#8221; global_colors_info=&#8221;{}&#8221;]<\/p>\n<h1>Serveis per a professionals<\/h1>\n<p>[\/et_pb_text][et_pb_text _builder_version=&#8221;4.14.4&#8243; text_font=&#8221;||||||||&#8221; text_font_size=&#8221;22px&#8221; text_line_height=&#8221;1.6em&#8221; header_font=&#8221;||||||||&#8221; background_layout=&#8221;dark&#8221; max_width=&#8221;800px&#8221; custom_margin=&#8221;|||&#8221; custom_padding=&#8221;20px||20px||true&#8221; text_font_size_tablet=&#8221;18px&#8221; text_font_size_phone=&#8221;&#8221; text_font_size_last_edited=&#8221;on|phone&#8221; global_colors_info=&#8221;{}&#8221;]<\/p>\n<p>Fes-te partner de By-Steel<span> i incorpora un m\u00e8tode efica\u00e7 i innovador que et permetr\u00e0 destacar en el teu entorn.<\/span><\/p>\n<p>[\/et_pb_text][\/et_pb_column][et_pb_column type=&#8221;1_4&#8243; _builder_version=&#8221;3.25&#8243; custom_padding=&#8221;|||&#8221; global_colors_info=&#8221;{}&#8221; custom_padding__hover=&#8221;|||&#8221;][\/et_pb_column][\/et_pb_row][\/et_pb_section][et_pb_section fb_built=&#8221;1&#8243; _builder_version=&#8221;4.14.4&#8243; _module_preset=&#8221;default&#8221; global_colors_info=&#8221;{}&#8221;][et_pb_row column_structure=&#8221;1_2,1_2&#8243; _builder_version=&#8221;4.14.4&#8243; _module_preset=&#8221;default&#8221; global_colors_info=&#8221;{}&#8221;][et_pb_column type=&#8221;1_2&#8243; _builder_version=&#8221;4.14.4&#8243; _module_preset=&#8221;default&#8221; global_colors_info=&#8221;{}&#8221;][et_pb_text _builder_version=&#8221;4.14.4&#8243; _module_preset=&#8221;default&#8221; header_2_font=&#8221;Rubik|700|||||||&#8221; header_2_font_size=&#8221;42px&#8221; header_2_line_height=&#8221;1.2em&#8221; global_colors_info=&#8221;{}&#8221;]<\/p>\n<p><img loading=\"lazy\" decoding=\"async\" src=\"https:\/\/by-steel.es\/wp-content\/uploads\/2022\/01\/autonoms-300x300.png\" width=\"300\" height=\"300\" alt=\"\" class=\"wp-image-146 alignnone size-medium\" style=\"display: block; margin-left: auto; margin-right: auto;\" srcset=\"https:\/\/by-steel.es\/wp-content\/uploads\/2022\/01\/autonoms-300x300.png 300w, https:\/\/by-steel.es\/wp-content\/uploads\/2022\/01\/autonoms-150x150.png 150w, https:\/\/by-steel.es\/wp-content\/uploads\/2022\/01\/autonoms.png 313w\" sizes=\"auto, (max-width: 300px) 100vw, 300px\" \/><\/p>\n<h2 style=\"text-align: center;\">Aut\u00f2noms i empreses<\/h2>\n<p class=\"p2\">Adre\u00e7at a qualsevol aut\u00f2nom o empresa que, partint d\u2019una relaci\u00f3 contractual, rep en exclusiva els preus de producci\u00f3 per a les estructures met\u00e0l.liques adquirides amb By-Steel.lsf<\/p>\n<p>[\/et_pb_text][\/et_pb_column][et_pb_column type=&#8221;1_2&#8243; _builder_version=&#8221;4.14.4&#8243; _module_preset=&#8221;default&#8221; global_colors_info=&#8221;{}&#8221;][et_pb_text _builder_version=&#8221;4.14.4&#8243; _module_preset=&#8221;default&#8221; header_2_font=&#8221;Rubik|700|||||||&#8221; header_2_font_size=&#8221;42px&#8221; header_2_line_height=&#8221;1.2em&#8221; global_colors_info=&#8221;{}&#8221;]<\/p>\n<p><img loading=\"lazy\" decoding=\"async\" src=\"https:\/\/by-steel.es\/wp-content\/uploads\/2022\/01\/arquitectes-300x300.png\" width=\"300\" height=\"300\" alt=\"\" class=\"wp-image-145 alignnone size-medium\" style=\"display: block; margin-left: auto; margin-right: auto;\" srcset=\"https:\/\/by-steel.es\/wp-content\/uploads\/2022\/01\/arquitectes-300x300.png 300w, https:\/\/by-steel.es\/wp-content\/uploads\/2022\/01\/arquitectes-150x150.png 150w, https:\/\/by-steel.es\/wp-content\/uploads\/2022\/01\/arquitectes.png 313w\" sizes=\"auto, (max-width: 300px) 100vw, 300px\" \/><\/p>\n<h2 style=\"text-align: center;\">Arquitectes<\/h2>\n<p class=\"p2\">Adre\u00e7at a arquitectes que estebleixen una relaci\u00f3 de confian\u00e7a amb By-Steel.lsf. Treballem conjuntament en el desenvolupament de projectes i podem actuar amb una sola veu de cara al client.<\/p>\n<p>[\/et_pb_text][\/et_pb_column][\/et_pb_row][\/et_pb_section][et_pb_section fb_built=&#8221;1&#8243; admin_label=&#8221;Service&#8221; _builder_version=&#8221;4.14.4&#8243; background_color=&#8221;#393F48&#8243; global_colors_info=&#8221;{}&#8221;][et_pb_row _builder_version=&#8221;4.14.4&#8243; background_color=&#8221;RGBA(255,255,255,0)&#8221; global_colors_info=&#8221;{}&#8221;][et_pb_column type=&#8221;4_4&#8243; _builder_version=&#8221;3.25&#8243; custom_padding=&#8221;|||&#8221; global_colors_info=&#8221;{}&#8221; custom_padding__hover=&#8221;|||&#8221;][et_pb_text _builder_version=&#8221;4.14.4&#8243; text_font=&#8221;||||||||&#8221; text_text_color=&#8221;#CFCFD4&#8243; header_font=&#8221;||||||||&#8221; header_2_font=&#8221;Rubik|700|||||||&#8221; header_2_text_color=&#8221;#CFCFD4&#8243; header_2_font_size=&#8221;42px&#8221; header_2_line_height=&#8221;1.2em&#8221; text_orientation=&#8221;center&#8221; module_alignment=&#8221;center&#8221; custom_margin=&#8221;|||&#8221; custom_padding=&#8221;|||&#8221; header_2_font_size_tablet=&#8221;&#8221; header_2_font_size_phone=&#8221;36px&#8221; header_2_font_size_last_edited=&#8221;on|phone&#8221; locked=&#8221;off&#8221; global_colors_info=&#8221;{}&#8221;]<\/p>\n<h2>By-Steel, la soluci\u00f3 m\u00e9s lleugera, m\u00e9s r\u00e0pida i m\u00e9s econ\u00f2mica.<\/h2>\n<p>[\/et_pb_text][et_pb_divider color=&#8221;#5F6B79&#8243; divider_position=&#8221;center&#8221; divider_weight=&#8221;5px&#8221; _builder_version=&#8221;4.14.4&#8243; max_width=&#8221;50px&#8221; module_alignment=&#8221;center&#8221; locked=&#8221;off&#8221; global_colors_info=&#8221;{}&#8221;][\/et_pb_divider][\/et_pb_column][\/et_pb_row][\/et_pb_section][et_pb_section fb_built=&#8221;1&#8243; custom_padding_last_edited=&#8221;on|tablet&#8221; admin_label=&#8221;Services&#8221; _builder_version=&#8221;3.22&#8243; custom_margin=&#8221;|||&#8221; custom_padding=&#8221;0|0px|0|20%|false|false&#8221; custom_padding_tablet=&#8221;|||0%&#8221; custom_padding_phone=&#8221;&#8221; global_colors_info=&#8221;{}&#8221;][et_pb_row column_structure=&#8221;1_4,3_4&#8243; use_custom_gutter=&#8221;on&#8221; gutter_width=&#8221;1&#8243; _builder_version=&#8221;3.25&#8243; background_color=&#8221;#f7f7f7&#8243; width=&#8221;100%&#8221; max_width=&#8221;100%&#8221; custom_margin=&#8221;||||false&#8221; custom_padding=&#8221;6%|10%||10%|false|true&#8221; use_custom_width=&#8221;on&#8221; width_unit=&#8221;off&#8221; custom_width_percent=&#8221;100%&#8221; global_colors_info=&#8221;{}&#8221;][et_pb_column type=&#8221;1_4&#8243; _builder_version=&#8221;3.25&#8243; custom_padding=&#8221;|||&#8221; global_colors_info=&#8221;{}&#8221; custom_padding__hover=&#8221;|||&#8221;][et_pb_image src=&#8221;https:\/\/by-steel.es\/wp-content\/uploads\/2022\/01\/formacio.png&#8221; title_text=&#8221;formacio&#8221; align=&#8221;center&#8221; _builder_version=&#8221;4.14.4&#8243; _module_preset=&#8221;default&#8221; global_colors_info=&#8221;{}&#8221;][\/et_pb_image][\/et_pb_column][et_pb_column type=&#8221;3_4&#8243; _builder_version=&#8221;3.25&#8243; custom_padding=&#8221;|||&#8221; global_colors_info=&#8221;{}&#8221; custom_padding__hover=&#8221;|||&#8221;][et_pb_text _builder_version=&#8221;4.14.4&#8243; text_font=&#8221;||||||||&#8221; header_font=&#8221;||||||||&#8221; header_2_font=&#8221;Rubik|700|||||||&#8221; header_2_font_size=&#8221;42px&#8221; header_2_line_height=&#8221;1.2em&#8221; module_alignment=&#8221;center&#8221; custom_margin=&#8221;|||&#8221; custom_padding=&#8221;|||&#8221; header_2_font_size_tablet=&#8221;&#8221; header_2_font_size_phone=&#8221;36px&#8221; header_2_font_size_last_edited=&#8221;on|phone&#8221; locked=&#8221;off&#8221; global_colors_info=&#8221;{}&#8221;]<\/p>\n<h2>Formaci\u00f3<\/h2>\n<p>[\/et_pb_text][et_pb_divider color=&#8221;#5F6B79&#8243; divider_position=&#8221;center&#8221; divider_weight=&#8221;5px&#8221; _builder_version=&#8221;4.14.4&#8243; max_width=&#8221;50px&#8221; locked=&#8221;off&#8221; global_colors_info=&#8221;{}&#8221;][\/et_pb_divider][et_pb_text _builder_version=&#8221;4.14.4&#8243; text_font=&#8221;||||||||&#8221; text_font_size=&#8221;15px&#8221; text_line_height=&#8221;1.8em&#8221; custom_padding=&#8221;|||&#8221; custom_padding_tablet=&#8221;|40px||40px||true&#8221; custom_padding_last_edited=&#8221;off|desktop&#8221; locked=&#8221;off&#8221; global_colors_info=&#8221;{}&#8221;]<\/p>\n<p class=\"p1\">\n<p class=\"p2\">Treballem i acompanyem en l\u2019especialitzaci\u00f3 en el muntatge d\u2019estructures d\u2019acer lleuger en la construcci\u00f3.<\/p>\n<p>[\/et_pb_text][\/et_pb_column][\/et_pb_row][\/et_pb_section][et_pb_section fb_built=&#8221;1&#8243; custom_padding_last_edited=&#8221;on|tablet&#8221; admin_label=&#8221;Service&#8221; _builder_version=&#8221;3.22&#8243; background_color=&#8221;#f7f7f7&#8243; custom_margin=&#8221;|||&#8221; custom_padding=&#8221;0|20%|0|0px|false|false&#8221; custom_padding_tablet=&#8221;|0%||&#8221; custom_padding_phone=&#8221;&#8221; global_colors_info=&#8221;{}&#8221;][et_pb_row column_structure=&#8221;1_4,3_4&#8243; use_custom_gutter=&#8221;on&#8221; gutter_width=&#8221;1&#8243; _builder_version=&#8221;4.14.4&#8243; background_color=&#8221;#ffffff&#8221; width=&#8221;100%&#8221; max_width=&#8221;100%&#8221; module_alignment=&#8221;left&#8221; custom_margin=&#8221;||||false&#8221; custom_padding=&#8221;3%|10%||10%|false|true&#8221; use_custom_width=&#8221;on&#8221; width_unit=&#8221;off&#8221; custom_width_percent=&#8221;100%&#8221; global_colors_info=&#8221;{}&#8221;][et_pb_column type=&#8221;1_4&#8243; _builder_version=&#8221;3.25&#8243; custom_padding=&#8221;|||&#8221; global_colors_info=&#8221;{}&#8221; custom_padding__hover=&#8221;|||&#8221;][et_pb_image src=&#8221;https:\/\/by-steel.es\/wp-content\/uploads\/2022\/01\/consultoria.png&#8221; title_text=&#8221;consultoria&#8221; align=&#8221;center&#8221; _builder_version=&#8221;4.14.4&#8243; _module_preset=&#8221;default&#8221; global_colors_info=&#8221;{}&#8221;][\/et_pb_image][\/et_pb_column][et_pb_column type=&#8221;3_4&#8243; _builder_version=&#8221;3.25&#8243; custom_padding=&#8221;|||&#8221; global_colors_info=&#8221;{}&#8221; custom_padding__hover=&#8221;|||&#8221;][et_pb_text _builder_version=&#8221;4.14.4&#8243; text_font=&#8221;||||||||&#8221; header_font=&#8221;||||||||&#8221; header_2_font=&#8221;Rubik|700|||||||&#8221; header_2_font_size=&#8221;42px&#8221; header_2_line_height=&#8221;1.2em&#8221; module_alignment=&#8221;center&#8221; custom_margin=&#8221;|||&#8221; custom_padding=&#8221;|||&#8221; header_2_font_size_tablet=&#8221;&#8221; header_2_font_size_phone=&#8221;36px&#8221; header_2_font_size_last_edited=&#8221;on|phone&#8221; locked=&#8221;off&#8221; global_colors_info=&#8221;{}&#8221;]<\/p>\n<h2>Consultoria<\/h2>\n<p>[\/et_pb_text][et_pb_divider color=&#8221;#5F6B79&#8243; divider_position=&#8221;center&#8221; divider_weight=&#8221;5px&#8221; _builder_version=&#8221;4.14.4&#8243; max_width=&#8221;50px&#8221; locked=&#8221;off&#8221; global_colors_info=&#8221;{}&#8221;][\/et_pb_divider][et_pb_text _builder_version=&#8221;4.14.4&#8243; text_font=&#8221;||||||||&#8221; text_font_size=&#8221;15px&#8221; text_line_height=&#8221;1.8em&#8221; custom_padding=&#8221;|||&#8221; custom_padding_tablet=&#8221;|40px||40px||true&#8221; custom_padding_last_edited=&#8221;off|desktop&#8221; locked=&#8221;off&#8221; global_colors_info=&#8221;{}&#8221;]<\/p>\n<p class=\"p2\">Oferim consultoria per la realitzacio del projecte final amb vosaltres i amb la justificacio de compliment del CTE.<\/p>\n<p>[\/et_pb_text][\/et_pb_column][\/et_pb_row][\/et_pb_section][et_pb_section fb_built=&#8221;1&#8243; custom_padding_last_edited=&#8221;on|tablet&#8221; admin_label=&#8221;Service&#8221; _builder_version=&#8221;3.22&#8243; custom_margin=&#8221;|||&#8221; custom_padding=&#8221;0||0|20%|false|false&#8221; custom_padding_tablet=&#8221;|||0%&#8221; custom_padding_phone=&#8221;&#8221; locked=&#8221;off&#8221; global_colors_info=&#8221;{}&#8221;][et_pb_row column_structure=&#8221;1_4,3_4&#8243; _builder_version=&#8221;3.25&#8243; background_color=&#8221;#f7f7f7&#8243; width=&#8221;100%&#8221; max_width=&#8221;100%&#8221; custom_margin=&#8221;||||false&#8221; custom_padding=&#8221;6%|9%||9%|false|true&#8221; use_custom_width=&#8221;on&#8221; width_unit=&#8221;off&#8221; custom_width_percent=&#8221;100%&#8221; global_colors_info=&#8221;{}&#8221;][et_pb_column type=&#8221;1_4&#8243; _builder_version=&#8221;3.25&#8243; custom_padding=&#8221;|||&#8221; global_colors_info=&#8221;{}&#8221; custom_padding__hover=&#8221;|||&#8221;][et_pb_image src=&#8221;https:\/\/by-steel.es\/wp-content\/uploads\/2022\/01\/assistencia.png&#8221; title_text=&#8221;assistencia&#8221; align=&#8221;center&#8221; _builder_version=&#8221;4.14.4&#8243; _module_preset=&#8221;default&#8221; global_colors_info=&#8221;{}&#8221;][\/et_pb_image][\/et_pb_column][et_pb_column type=&#8221;3_4&#8243; _builder_version=&#8221;3.25&#8243; custom_padding=&#8221;|||&#8221; global_colors_info=&#8221;{}&#8221; custom_padding__hover=&#8221;|||&#8221;][et_pb_text _builder_version=&#8221;4.14.4&#8243; text_font=&#8221;||||||||&#8221; header_font=&#8221;||||||||&#8221; header_2_font=&#8221;Rubik|700|||||||&#8221; header_2_font_size=&#8221;42px&#8221; header_2_line_height=&#8221;1.2em&#8221; module_alignment=&#8221;center&#8221; custom_margin=&#8221;|||&#8221; custom_padding=&#8221;|||&#8221; header_2_font_size_tablet=&#8221;&#8221; header_2_font_size_phone=&#8221;36px&#8221; header_2_font_size_last_edited=&#8221;on|phone&#8221; locked=&#8221;off&#8221; global_colors_info=&#8221;{}&#8221;]<\/p>\n<h2>Assist\u00e8ncia<\/h2>\n<p>[\/et_pb_text][et_pb_divider color=&#8221;#5F6B79&#8243; divider_position=&#8221;center&#8221; divider_weight=&#8221;5px&#8221; _builder_version=&#8221;4.14.4&#8243; max_width=&#8221;50px&#8221; locked=&#8221;off&#8221; global_colors_info=&#8221;{}&#8221;][\/et_pb_divider][et_pb_text _builder_version=&#8221;4.14.4&#8243; text_font=&#8221;||||||||&#8221; text_font_size=&#8221;15px&#8221; text_line_height=&#8221;1.8em&#8221; custom_padding=&#8221;|||&#8221; custom_padding_tablet=&#8221;|40px||40px||true&#8221; custom_padding_last_edited=&#8221;off|desktop&#8221; locked=&#8221;off&#8221; global_colors_info=&#8221;{}&#8221;]<\/p>\n<p class=\"p2\">Assistim des del principi d\u2019un projecte i en fem seguiment, amb tot all\u00f2 que necessiti i en el que sigui \u00fatil el nostre coneixement en el sistema constructiu Steel Framing.<\/p>\n<p>[\/et_pb_text][\/et_pb_column][\/et_pb_row][\/et_pb_section]<\/p>\n","protected":false},"excerpt":{"rendered":"<p>Serveis per a professionalsFes-te partner de By-Steel i incorpora un m\u00e8tode efica\u00e7 i innovador que et permetr\u00e0 destacar en el teu entorn. Aut\u00f2noms i empreses Adre\u00e7at a qualsevol aut\u00f2nom o empresa que, partint d\u2019una relaci\u00f3 contractual, rep en exclusiva els preus de producci\u00f3 per a les estructures met\u00e0l.liques adquirides amb By-Steel.lsf Arquitectes Adre\u00e7at a arquitectes [&hellip;]<\/p>\n","protected":false},"author":1,"featured_media":0,"parent":0,"menu_order":0,"comment_status":"closed","ping_status":"closed","template":"","meta":{"_et_pb_use_builder":"on","_et_pb_old_content":"","_et_gb_content_width":"","footnotes":""},"class_list":["post-118","page","type-page","status-publish","hentry"],"yoast_head":"<!-- This site is optimized with the Yoast SEO plugin v23.2 - https:\/\/yoast.com\/wordpress\/plugins\/seo\/ -->\n<title>Serveis per partners | By-Steel | Estructuras de acero para la construcci\u00f3n<\/title>\n<meta name=\"robots\" content=\"index, follow, max-snippet:-1, max-image-preview:large, max-video-preview:-1\" \/>\n<link rel=\"canonical\" href=\"https:\/\/by-steel.es\/ca\/serveis-per-partners\/\" \/>\n<meta property=\"og:locale\" content=\"ca_ES\" \/>\n<meta property=\"og:type\" content=\"article\" \/>\n<meta property=\"og:title\" content=\"Serveis per partners | By-Steel | Estructuras de acero para la construcci\u00f3n\" \/>\n<meta property=\"og:description\" content=\"Serveis per a professionalsFes-te partner de By-Steel i incorpora un m\u00e8tode efica\u00e7 i innovador que et permetr\u00e0 destacar en el teu entorn. Aut\u00f2noms i empreses Adre\u00e7at a qualsevol aut\u00f2nom o empresa que, partint d\u2019una relaci\u00f3 contractual, rep en exclusiva els preus de producci\u00f3 per a les estructures met\u00e0l.liques adquirides amb By-Steel.lsf Arquitectes Adre\u00e7at a arquitectes [&hellip;]\" \/>\n<meta property=\"og:url\" content=\"https:\/\/by-steel.es\/ca\/serveis-per-partners\/\" \/>\n<meta property=\"og:site_name\" content=\"By-Steel | Estructuras de acero para la construcci\u00f3n\" \/>\n<meta property=\"article:modified_time\" content=\"2022-03-30T14:21:47+00:00\" \/>\n<meta property=\"og:image\" content=\"https:\/\/by-steel.es\/wp-content\/uploads\/2022\/01\/autonoms-300x300.png\" \/>\n<meta name=\"twitter:card\" content=\"summary_large_image\" \/>\n<meta name=\"twitter:label1\" content=\"Temps estimat de lectura\" \/>\n\t<meta name=\"twitter:data1\" content=\"7 minuts\" \/>\n<script type=\"application\/ld+json\" class=\"yoast-schema-graph\">{\"@context\":\"https:\/\/schema.org\",\"@graph\":[{\"@type\":\"WebPage\",\"@id\":\"https:\/\/by-steel.es\/ca\/serveis-per-partners\/\",\"url\":\"https:\/\/by-steel.es\/ca\/serveis-per-partners\/\",\"name\":\"Serveis per partners | By-Steel | Estructuras de acero para la construcci\u00f3n\",\"isPartOf\":{\"@id\":\"https:\/\/by-steel.es\/#website\"},\"primaryImageOfPage\":{\"@id\":\"https:\/\/by-steel.es\/ca\/serveis-per-partners\/#primaryimage\"},\"image\":{\"@id\":\"https:\/\/by-steel.es\/ca\/serveis-per-partners\/#primaryimage\"},\"thumbnailUrl\":\"https:\/\/by-steel.es\/wp-content\/uploads\/2022\/01\/autonoms-300x300.png\",\"datePublished\":\"2022-01-25T08:16:58+00:00\",\"dateModified\":\"2022-03-30T14:21:47+00:00\",\"breadcrumb\":{\"@id\":\"https:\/\/by-steel.es\/ca\/serveis-per-partners\/#breadcrumb\"},\"inLanguage\":\"ca\",\"potentialAction\":[{\"@type\":\"ReadAction\",\"target\":[\"https:\/\/by-steel.es\/ca\/serveis-per-partners\/\"]}]},{\"@type\":\"ImageObject\",\"inLanguage\":\"ca\",\"@id\":\"https:\/\/by-steel.es\/ca\/serveis-per-partners\/#primaryimage\",\"url\":\"https:\/\/by-steel.es\/wp-content\/uploads\/2022\/01\/autonoms-300x300.png\",\"contentUrl\":\"https:\/\/by-steel.es\/wp-content\/uploads\/2022\/01\/autonoms-300x300.png\"},{\"@type\":\"BreadcrumbList\",\"@id\":\"https:\/\/by-steel.es\/ca\/serveis-per-partners\/#breadcrumb\",\"itemListElement\":[{\"@type\":\"ListItem\",\"position\":1,\"name\":\"Inici\",\"item\":\"https:\/\/by-steel.es\/ca\/\"},{\"@type\":\"ListItem\",\"position\":2,\"name\":\"Serveis per partners\"}]},{\"@type\":\"WebSite\",\"@id\":\"https:\/\/by-steel.es\/#website\",\"url\":\"https:\/\/by-steel.es\/\",\"name\":\"By-Steel | Estructuras de acero para la construcci\u00f3n\",\"description\":\"Dise\u00f1o, fabricaci\u00f3n y montaje de estructuras de acero galvanizado para su construcci\u00f3n.\",\"publisher\":{\"@id\":\"https:\/\/by-steel.es\/#organization\"},\"potentialAction\":[{\"@type\":\"SearchAction\",\"target\":{\"@type\":\"EntryPoint\",\"urlTemplate\":\"https:\/\/by-steel.es\/?s={search_term_string}\"},\"query-input\":\"required name=search_term_string\"}],\"inLanguage\":\"ca\"},{\"@type\":\"Organization\",\"@id\":\"https:\/\/by-steel.es\/#organization\",\"name\":\"By-Steel.lsf\",\"url\":\"https:\/\/by-steel.es\/\",\"logo\":{\"@type\":\"ImageObject\",\"inLanguage\":\"ca\",\"@id\":\"https:\/\/by-steel.es\/#\/schema\/logo\/image\/\",\"url\":\"https:\/\/by-steel.es\/wp-content\/uploads\/2022\/01\/logo-BySteel.png\",\"contentUrl\":\"https:\/\/by-steel.es\/wp-content\/uploads\/2022\/01\/logo-BySteel.png\",\"width\":897,\"height\":353,\"caption\":\"By-Steel.lsf\"},\"image\":{\"@id\":\"https:\/\/by-steel.es\/#\/schema\/logo\/image\/\"}}]}<\/script>\n<!-- \/ Yoast SEO plugin. -->","yoast_head_json":{"title":"Serveis per partners | By-Steel | Estructuras de acero para la construcci\u00f3n","robots":{"index":"index","follow":"follow","max-snippet":"max-snippet:-1","max-image-preview":"max-image-preview:large","max-video-preview":"max-video-preview:-1"},"canonical":"https:\/\/by-steel.es\/ca\/serveis-per-partners\/","og_locale":"ca_ES","og_type":"article","og_title":"Serveis per partners | By-Steel | Estructuras de acero para la construcci\u00f3n","og_description":"Serveis per a professionalsFes-te partner de By-Steel i incorpora un m\u00e8tode efica\u00e7 i innovador que et permetr\u00e0 destacar en el teu entorn. Aut\u00f2noms i empreses Adre\u00e7at a qualsevol aut\u00f2nom o empresa que, partint d\u2019una relaci\u00f3 contractual, rep en exclusiva els preus de producci\u00f3 per a les estructures met\u00e0l.liques adquirides amb By-Steel.lsf Arquitectes Adre\u00e7at a arquitectes [&hellip;]","og_url":"https:\/\/by-steel.es\/ca\/serveis-per-partners\/","og_site_name":"By-Steel | Estructuras de acero para la construcci\u00f3n","article_modified_time":"2022-03-30T14:21:47+00:00","og_image":[{"url":"https:\/\/by-steel.es\/wp-content\/uploads\/2022\/01\/autonoms-300x300.png"}],"twitter_card":"summary_large_image","twitter_misc":{"Temps estimat de lectura":"7 minuts"},"schema":{"@context":"https:\/\/schema.org","@graph":[{"@type":"WebPage","@id":"https:\/\/by-steel.es\/ca\/serveis-per-partners\/","url":"https:\/\/by-steel.es\/ca\/serveis-per-partners\/","name":"Serveis per partners | By-Steel | Estructuras de acero para la construcci\u00f3n","isPartOf":{"@id":"https:\/\/by-steel.es\/#website"},"primaryImageOfPage":{"@id":"https:\/\/by-steel.es\/ca\/serveis-per-partners\/#primaryimage"},"image":{"@id":"https:\/\/by-steel.es\/ca\/serveis-per-partners\/#primaryimage"},"thumbnailUrl":"https:\/\/by-steel.es\/wp-content\/uploads\/2022\/01\/autonoms-300x300.png","datePublished":"2022-01-25T08:16:58+00:00","dateModified":"2022-03-30T14:21:47+00:00","breadcrumb":{"@id":"https:\/\/by-steel.es\/ca\/serveis-per-partners\/#breadcrumb"},"inLanguage":"ca","potentialAction":[{"@type":"ReadAction","target":["https:\/\/by-steel.es\/ca\/serveis-per-partners\/"]}]},{"@type":"ImageObject","inLanguage":"ca","@id":"https:\/\/by-steel.es\/ca\/serveis-per-partners\/#primaryimage","url":"https:\/\/by-steel.es\/wp-content\/uploads\/2022\/01\/autonoms-300x300.png","contentUrl":"https:\/\/by-steel.es\/wp-content\/uploads\/2022\/01\/autonoms-300x300.png"},{"@type":"BreadcrumbList","@id":"https:\/\/by-steel.es\/ca\/serveis-per-partners\/#breadcrumb","itemListElement":[{"@type":"ListItem","position":1,"name":"Inici","item":"https:\/\/by-steel.es\/ca\/"},{"@type":"ListItem","position":2,"name":"Serveis per partners"}]},{"@type":"WebSite","@id":"https:\/\/by-steel.es\/#website","url":"https:\/\/by-steel.es\/","name":"By-Steel | Estructuras de acero para la construcci\u00f3n","description":"Dise\u00f1o, fabricaci\u00f3n y montaje de estructuras de acero galvanizado para su construcci\u00f3n.","publisher":{"@id":"https:\/\/by-steel.es\/#organization"},"potentialAction":[{"@type":"SearchAction","target":{"@type":"EntryPoint","urlTemplate":"https:\/\/by-steel.es\/?s={search_term_string}"},"query-input":"required name=search_term_string"}],"inLanguage":"ca"},{"@type":"Organization","@id":"https:\/\/by-steel.es\/#organization","name":"By-Steel.lsf","url":"https:\/\/by-steel.es\/","logo":{"@type":"ImageObject","inLanguage":"ca","@id":"https:\/\/by-steel.es\/#\/schema\/logo\/image\/","url":"https:\/\/by-steel.es\/wp-content\/uploads\/2022\/01\/logo-BySteel.png","contentUrl":"https:\/\/by-steel.es\/wp-content\/uploads\/2022\/01\/logo-BySteel.png","width":897,"height":353,"caption":"By-Steel.lsf"},"image":{"@id":"https:\/\/by-steel.es\/#\/schema\/logo\/image\/"}}]}},"_links":{"self":[{"href":"https:\/\/by-steel.es\/ca\/wp-json\/wp\/v2\/pages\/118","targetHints":{"allow":["GET"]}}],"collection":[{"href":"https:\/\/by-steel.es\/ca\/wp-json\/wp\/v2\/pages"}],"about":[{"href":"https:\/\/by-steel.es\/ca\/wp-json\/wp\/v2\/types\/page"}],"author":[{"embeddable":true,"href":"https:\/\/by-steel.es\/ca\/wp-json\/wp\/v2\/users\/1"}],"replies":[{"embeddable":true,"href":"https:\/\/by-steel.es\/ca\/wp-json\/wp\/v2\/comments?post=118"}],"version-history":[{"count":28,"href":"https:\/\/by-steel.es\/ca\/wp-json\/wp\/v2\/pages\/118\/revisions"}],"predecessor-version":[{"id":389,"href":"https:\/\/by-steel.es\/ca\/wp-json\/wp\/v2\/pages\/118\/revisions\/389"}],"wp:attachment":[{"href":"https:\/\/by-steel.es\/ca\/wp-json\/wp\/v2\/media?parent=118"}],"curies":[{"name":"wp","href":"https:\/\/api.w.org\/{rel}","templated":true}]}}